{"id":1521,"date":"2024-10-13T14:42:02","date_gmt":"2024-10-13T14:42:02","guid":{"rendered":"https:\/\/alv-renovation.fr\/?page_id=1521"},"modified":"2024-11-25T14:10:34","modified_gmt":"2024-11-25T14:10:34","slug":"confidentialite","status":"publish","type":"page","link":"https:\/\/alv-renovation.fr\/?page_id=1521","title":{"rendered":"CONFIDENTIALITE"},"content":{"rendered":"\t\t<div data-elementor-type=\"wp-page\" data-elementor-id=\"1521\" class=\"elementor elementor-1521\">\n\t\t\t\t<div class=\"elementor-element elementor-element-6680d26 e-flex e-con-boxed wpr-particle-no wpr-jarallax-no wpr-parallax-no wpr-sticky-section-no wpr-equal-height-no e-con e-parent\" data-id=\"6680d26\" data-element_type=\"container\" data-e-type=\"container\">\n\t\t\t\t\t<div class=\"e-con-inner\">\n\t\t\t\t<div class=\"elementor-element elementor-element-2de02232 elementor-widget elementor-widget-text-editor\" data-id=\"2de02232\" data-element_type=\"widget\" data-e-type=\"widget\" data-widget_type=\"text-editor.default\">\n\t\t\t\t<div class=\"elementor-widget-container\">\n\t\t\t\t\t\t\t\t\t<h2 class=\"wp-block-heading\">Politique de Confidentialit\u00e9<\/h2>\n<p><!-- \/wp:heading --><\/p>\n<p><!-- wp:heading {\"level\":3} --><\/p>\n<h3 class=\"wp-block-heading\">Introduction<\/h3>\n<p><!-- \/wp:heading --><\/p>\n<p><!-- wp:paragraph --><\/p>\n<p>Chez ALV, nous nous engageons \u00e0 prot\u00e9ger la vie priv\u00e9e de nos utilisateurs. Cette politique de confidentialit\u00e9 explique comment nous collectons, utilisons et prot\u00e9geons vos informations lorsque vous naviguez sur notre site.<\/p>\n<p><!-- \/wp:paragraph --><\/p>\n<p><!-- wp:heading {\"level\":3} --><\/p>\n<h3 class=\"wp-block-heading\">Suivi des Activit\u00e9s<\/h3>\n<p><!-- \/wp:heading --><\/p>\n<p><!-- wp:paragraph --><\/p>\n<p>Nous utilisons Matomo, une solution d\u2019analyse web, pour suivre et analyser l\u2019activit\u00e9 des utilisateurs sur notre site. Cela nous permet de mieux comprendre comment nos visiteurs interagissent avec nos contenus et d&rsquo;am\u00e9liorer l&rsquo;exp\u00e9rience utilisateur.<\/p>\n<p><!-- \/wp:paragraph --><\/p>\n<p><!-- wp:heading {\"level\":3} --><\/p>\n<h3 class=\"wp-block-heading\">Informations Collect\u00e9es<\/h3>\n<p><!-- \/wp:heading --><\/p>\n<p><!-- wp:paragraph --><\/p>\n<p>Les donn\u00e9es collect\u00e9es par Matomo incluent des informations sur votre navigation, telles que les pages visit\u00e9es, la dur\u00e9e de votre visite, ainsi que d&rsquo;autres donn\u00e9es statistiques. Ces informations sont utilis\u00e9es uniquement \u00e0 des fins d&rsquo;analyse interne.<\/p>\n<p><!-- \/wp:paragraph --><\/p>\n<p><!-- wp:heading {\"level\":3} --><\/p>\n<h3 class=\"wp-block-heading\">Consentement et Refus<\/h3>\n<p><!-- \/wp:heading --><\/p>\n<p><!-- wp:paragraph --><\/p>\n<p>Votre vie priv\u00e9e est importante pour nous. Vous avez la possibilit\u00e9 de refuser le suivi de vos activit\u00e9s sur notre site. Pour ce faire, vous pouvez ajuster les param\u00e8tres de votre navigateur ou utiliser l\u2019option de d\u00e9sactivation de Matomo, qui est disponible ici :\u00a0<span style=\"background-color: rgba(0, 0, 0, 0.07); color: #3c434a; font-family: Consolas, Monaco, monospace; font-size: 13px; font-weight: var( --e-global-typography-text-font-weight ); text-align: var(--text-align);\"><p id=\"matomo_opted_out_intro\" style=\"display:none;\">Opt-out complete; your visits to this website will not be recorded by the Web Analytics tool. Note that if you clear your cookies, delete the opt-out cookie, or if you change computers or Web browsers, you will need to perform the opt-out procedure again.<\/p><p id=\"matomo_opted_in_intro\" >You may choose to prevent this website from aggregating and analyzing the actions you take here. Doing so will protect your privacy, but will also prevent the owner from learning from your actions and creating a better experience for you and other users.<\/p><form>\n        <input type=\"checkbox\" id=\"matomo_optout_checkbox\" checked=\"checked\"\/>\n        <label for=\"matomo_optout_checkbox\"><strong>\n        <span id=\"matomo_opted_in_label\" >You are not opted out. Uncheck this box to opt-out.<\/span>\n\t\t<span id=\"matomo_opted_out_label\" style=\"display:none;\">You are currently opted out. Check this box to opt-in.<\/span>\n        <\/strong><\/label><\/form><noscript><p><strong style=\"color: #ff0000;\">This opt out feature requires JavaScript.<\/strong><\/p><\/noscript><p id=\"matomo_outout_err_cookies\" style=\"display: none;\"><strong>The tracking opt-out feature requires cookies to be enabled.<\/strong><\/p><\/span><\/p>\n<p><!-- \/wp:paragraph --><\/p>\n<p><!-- wp:heading {\"level\":3} --><\/p>\n<h3 class=\"wp-block-heading\">S\u00e9curit\u00e9 des Donn\u00e9es<\/h3>\n<p><!-- \/wp:heading --><\/p>\n<p><!-- wp:paragraph --><\/p>\n<p>Nous prenons des mesures raisonnables pour prot\u00e9ger vos informations contre toute utilisation non autoris\u00e9e ou divulgation. Cependant, aucune m\u00e9thode de transmission sur Internet ou de stockage \u00e9lectronique n&rsquo;est enti\u00e8rement s\u00e9curis\u00e9e, et nous ne pouvons garantir une s\u00e9curit\u00e9 absolue.<\/p>\n<p><!-- \/wp:paragraph --><\/p>\n<p><!-- wp:heading {\"level\":3} --><\/p>\n<h3 class=\"wp-block-heading\">Modifications de la Politique<\/h3>\n<p><!-- \/wp:heading --><\/p>\n<p><!-- wp:paragraph --><\/p>\n<p>Nous nous r\u00e9servons le droit de modifier cette politique de confidentialit\u00e9 \u00e0 tout moment. Les utilisateurs seront inform\u00e9s de tout changement substantiel par le biais d&rsquo;une notification sur notre site.<\/p>\n<p><!-- \/wp:paragraph --><\/p>\n<p><!-- wp:heading {\"level\":3} --><\/p>\n<h3 class=\"wp-block-heading\">Contact<\/h3>\n<p><!-- \/wp:heading --><\/p>\n<p><!-- wp:paragraph --><\/p>\n<p>Pour toute question concernant notre politique de confidentialit\u00e9 ou le suivi de vos donn\u00e9es, n&rsquo;h\u00e9sitez pas \u00e0 nous contacter.<\/p>\n<p><!-- \/wp:paragraph --><\/p>\t\t\t\t\t\t\t\t<\/div>\n\t\t\t\t<\/div>\n\t\t\t\t\t<\/div>\n\t\t\t\t<\/div>\n\t\t\t\t<\/div>\n\t\t","protected":false},"excerpt":{"rendered":"<p>Politique de Confidentialit\u00e9 Introduction Chez ALV, nous nous engageons \u00e0 prot\u00e9ger la vie priv\u00e9e de nos utilisateurs. Cette politique de confidentialit\u00e9 explique comment nous collectons, utilisons et prot\u00e9geons vos informations lorsque vous naviguez sur notre site. Suivi des Activit\u00e9s Nous utilisons Matomo, une solution d\u2019analyse web, pour suivre et analyser l\u2019activit\u00e9 des utilisateurs sur notre site. Cela nous permet de mieux comprendre comment nos visiteurs interagissent avec nos contenus et d&rsquo;am\u00e9liorer l&rsquo;exp\u00e9rience utilisateur. Informations Collect\u00e9es Les donn\u00e9es collect\u00e9es par Matomo incluent des informations sur votre navigation, telles que les pages visit\u00e9es, la dur\u00e9e de votre visite, ainsi que d&rsquo;autres donn\u00e9es statistiques. Ces informations sont utilis\u00e9es uniquement \u00e0 des fins d&rsquo;analyse interne. Consentement et Refus Votre vie priv\u00e9e est importante pour nous. Vous avez la possibilit\u00e9 de refuser le suivi de vos activit\u00e9s sur notre site. Pour ce faire, vous pouvez ajuster les param\u00e8tres de votre navigateur ou utiliser l\u2019option de d\u00e9sactivation de Matomo, qui est disponible ici :\u00a0 S\u00e9curit\u00e9 des Donn\u00e9es Nous prenons des mesures raisonnables pour prot\u00e9ger vos informations contre toute utilisation non autoris\u00e9e ou divulgation. Cependant, aucune m\u00e9thode de transmission sur Internet ou de stockage \u00e9lectronique n&rsquo;est enti\u00e8rement s\u00e9curis\u00e9e, et nous ne pouvons garantir une s\u00e9curit\u00e9 absolue. Modifications de la Politique Nous nous r\u00e9servons le droit de modifier cette politique de confidentialit\u00e9 \u00e0 tout moment. Les utilisateurs seront inform\u00e9s de tout changement substantiel par le biais d&rsquo;une notification sur notre site. Contact Pour toute question concernant notre politique de confidentialit\u00e9 ou le suivi de vos donn\u00e9es, n&rsquo;h\u00e9sitez pas \u00e0 nous contacter.<\/p>\n","protected":false},"author":1,"featured_media":0,"parent":0,"menu_order":0,"comment_status":"closed","ping_status":"closed","template":"elementor_header_footer","meta":{"footnotes":""},"class_list":["post-1521","page","type-page","status-publish","hentry"],"yoast_head":"<!-- This site is optimized with the Yoast SEO plugin v27.3 - https:\/\/yoast.com\/product\/yoast-seo-wordpress\/ -->\n<title>CONFIDENTIALITE - ALV r\u00e9novation<\/title>\n<meta name=\"robots\" content=\"index, follow, max-snippet:-1, max-image-preview:large, max-video-preview:-1\" \/>\n<link rel=\"canonical\" href=\"https:\/\/alv-renovation.fr\/?page_id=1521\" \/>\n<meta property=\"og:locale\" content=\"fr_FR\" \/>\n<meta property=\"og:type\" content=\"article\" \/>\n<meta property=\"og:title\" content=\"CONFIDENTIALITE - ALV r\u00e9novation\" \/>\n<meta property=\"og:description\" content=\"Politique de Confidentialit\u00e9 Introduction Chez ALV, nous nous engageons \u00e0 prot\u00e9ger la vie priv\u00e9e de nos utilisateurs. Cette politique de confidentialit\u00e9 explique comment nous collectons, utilisons et prot\u00e9geons vos informations lorsque vous naviguez sur notre site. Suivi des Activit\u00e9s Nous utilisons Matomo, une solution d\u2019analyse web, pour suivre et analyser l\u2019activit\u00e9 des utilisateurs sur notre site. Cela nous permet de mieux comprendre comment nos visiteurs interagissent avec nos contenus et d&rsquo;am\u00e9liorer l&rsquo;exp\u00e9rience utilisateur. Informations Collect\u00e9es Les donn\u00e9es collect\u00e9es par Matomo incluent des informations sur votre navigation, telles que les pages visit\u00e9es, la dur\u00e9e de votre visite, ainsi que d&rsquo;autres donn\u00e9es statistiques. Ces informations sont utilis\u00e9es uniquement \u00e0 des fins d&rsquo;analyse interne. Consentement et Refus Votre vie priv\u00e9e est importante pour nous. Vous avez la possibilit\u00e9 de refuser le suivi de vos activit\u00e9s sur notre site. Pour ce faire, vous pouvez ajuster les param\u00e8tres de votre navigateur ou utiliser l\u2019option de d\u00e9sactivation de Matomo, qui est disponible ici :\u00a0 S\u00e9curit\u00e9 des Donn\u00e9es Nous prenons des mesures raisonnables pour prot\u00e9ger vos informations contre toute utilisation non autoris\u00e9e ou divulgation. Cependant, aucune m\u00e9thode de transmission sur Internet ou de stockage \u00e9lectronique n&rsquo;est enti\u00e8rement s\u00e9curis\u00e9e, et nous ne pouvons garantir une s\u00e9curit\u00e9 absolue. Modifications de la Politique Nous nous r\u00e9servons le droit de modifier cette politique de confidentialit\u00e9 \u00e0 tout moment. Les utilisateurs seront inform\u00e9s de tout changement substantiel par le biais d&rsquo;une notification sur notre site. Contact Pour toute question concernant notre politique de confidentialit\u00e9 ou le suivi de vos donn\u00e9es, n&rsquo;h\u00e9sitez pas \u00e0 nous contacter.\" \/>\n<meta property=\"og:url\" content=\"https:\/\/alv-renovation.fr\/?page_id=1521\" \/>\n<meta property=\"og:site_name\" content=\"ALV r\u00e9novation\" \/>\n<meta property=\"article:publisher\" content=\"https:\/\/www.facebook.com\/alv.virazelsanthony?locale=fr_FR\" \/>\n<meta property=\"article:modified_time\" content=\"2024-11-25T14:10:34+00:00\" \/>\n<meta property=\"og:image\" content=\"https:\/\/alv-renovation.fr\/wp-content\/uploads\/2024\/10\/Clipped_image_20240929_164448.png\" \/>\n\t<meta property=\"og:image:width\" content=\"254\" \/>\n\t<meta property=\"og:image:height\" content=\"431\" \/>\n\t<meta property=\"og:image:type\" content=\"image\/png\" \/>\n<meta name=\"twitter:card\" content=\"summary_large_image\" \/>\n<meta name=\"twitter:label1\" content=\"Dur\u00e9e de lecture estim\u00e9e\" \/>\n\t<meta name=\"twitter:data1\" content=\"2 minutes\" \/>\n<script type=\"application\/ld+json\" class=\"yoast-schema-graph\">{\"@context\":\"https:\\\/\\\/schema.org\",\"@graph\":[{\"@type\":\"WebPage\",\"@id\":\"https:\\\/\\\/alv-renovation.fr\\\/?page_id=1521\",\"url\":\"https:\\\/\\\/alv-renovation.fr\\\/?page_id=1521\",\"name\":\"CONFIDENTIALITE - ALV r\u00e9novation\",\"isPartOf\":{\"@id\":\"https:\\\/\\\/alv-renovation.fr\\\/#website\"},\"datePublished\":\"2024-10-13T14:42:02+00:00\",\"dateModified\":\"2024-11-25T14:10:34+00:00\",\"breadcrumb\":{\"@id\":\"https:\\\/\\\/alv-renovation.fr\\\/?page_id=1521#breadcrumb\"},\"inLanguage\":\"fr-FR\",\"potentialAction\":[{\"@type\":\"ReadAction\",\"target\":[\"https:\\\/\\\/alv-renovation.fr\\\/?page_id=1521\"]}]},{\"@type\":\"BreadcrumbList\",\"@id\":\"https:\\\/\\\/alv-renovation.fr\\\/?page_id=1521#breadcrumb\",\"itemListElement\":[{\"@type\":\"ListItem\",\"position\":1,\"name\":\"Accueil\",\"item\":\"https:\\\/\\\/alv-renovation.fr\\\/\"},{\"@type\":\"ListItem\",\"position\":2,\"name\":\"CONFIDENTIALITE\"}]},{\"@type\":\"WebSite\",\"@id\":\"https:\\\/\\\/alv-renovation.fr\\\/#website\",\"url\":\"https:\\\/\\\/alv-renovation.fr\\\/\",\"name\":\"ALV r\u00e9novation\",\"description\":\"R\u00e9inventons vos espaces, r\u00e9novons vos envies\",\"publisher\":{\"@id\":\"https:\\\/\\\/alv-renovation.fr\\\/#organization\"},\"alternateName\":\"ALV\",\"potentialAction\":[{\"@type\":\"SearchAction\",\"target\":{\"@type\":\"EntryPoint\",\"urlTemplate\":\"https:\\\/\\\/alv-renovation.fr\\\/?s={search_term_string}\"},\"query-input\":{\"@type\":\"PropertyValueSpecification\",\"valueRequired\":true,\"valueName\":\"search_term_string\"}}],\"inLanguage\":\"fr-FR\"},{\"@type\":\"Organization\",\"@id\":\"https:\\\/\\\/alv-renovation.fr\\\/#organization\",\"name\":\"ALV r\u00e9novation\",\"alternateName\":\"alv\",\"url\":\"https:\\\/\\\/alv-renovation.fr\\\/\",\"logo\":{\"@type\":\"ImageObject\",\"inLanguage\":\"fr-FR\",\"@id\":\"https:\\\/\\\/alv-renovation.fr\\\/#\\\/schema\\\/logo\\\/image\\\/\",\"url\":\"https:\\\/\\\/alv-renovation.fr\\\/wp-content\\\/uploads\\\/2024\\\/09\\\/cropped-Clipped_image_20240929_164448.png\",\"contentUrl\":\"https:\\\/\\\/alv-renovation.fr\\\/wp-content\\\/uploads\\\/2024\\\/09\\\/cropped-Clipped_image_20240929_164448.png\",\"width\":254,\"height\":431,\"caption\":\"ALV r\u00e9novation\"},\"image\":{\"@id\":\"https:\\\/\\\/alv-renovation.fr\\\/#\\\/schema\\\/logo\\\/image\\\/\"},\"sameAs\":[\"https:\\\/\\\/www.facebook.com\\\/alv.virazelsanthony?locale=fr_FR\",\"https:\\\/\\\/www.instagram.com\\\/societealv\\\/\"]}]}<\/script>\n<!-- \/ Yoast SEO plugin. -->","yoast_head_json":{"title":"CONFIDENTIALITE - ALV r\u00e9novation","robots":{"index":"index","follow":"follow","max-snippet":"max-snippet:-1","max-image-preview":"max-image-preview:large","max-video-preview":"max-video-preview:-1"},"canonical":"https:\/\/alv-renovation.fr\/?page_id=1521","og_locale":"fr_FR","og_type":"article","og_title":"CONFIDENTIALITE - ALV r\u00e9novation","og_description":"Politique de Confidentialit\u00e9 Introduction Chez ALV, nous nous engageons \u00e0 prot\u00e9ger la vie priv\u00e9e de nos utilisateurs. Cette politique de confidentialit\u00e9 explique comment nous collectons, utilisons et prot\u00e9geons vos informations lorsque vous naviguez sur notre site. Suivi des Activit\u00e9s Nous utilisons Matomo, une solution d\u2019analyse web, pour suivre et analyser l\u2019activit\u00e9 des utilisateurs sur notre site. Cela nous permet de mieux comprendre comment nos visiteurs interagissent avec nos contenus et d&rsquo;am\u00e9liorer l&rsquo;exp\u00e9rience utilisateur. Informations Collect\u00e9es Les donn\u00e9es collect\u00e9es par Matomo incluent des informations sur votre navigation, telles que les pages visit\u00e9es, la dur\u00e9e de votre visite, ainsi que d&rsquo;autres donn\u00e9es statistiques. Ces informations sont utilis\u00e9es uniquement \u00e0 des fins d&rsquo;analyse interne. Consentement et Refus Votre vie priv\u00e9e est importante pour nous. Vous avez la possibilit\u00e9 de refuser le suivi de vos activit\u00e9s sur notre site. Pour ce faire, vous pouvez ajuster les param\u00e8tres de votre navigateur ou utiliser l\u2019option de d\u00e9sactivation de Matomo, qui est disponible ici :\u00a0 S\u00e9curit\u00e9 des Donn\u00e9es Nous prenons des mesures raisonnables pour prot\u00e9ger vos informations contre toute utilisation non autoris\u00e9e ou divulgation. Cependant, aucune m\u00e9thode de transmission sur Internet ou de stockage \u00e9lectronique n&rsquo;est enti\u00e8rement s\u00e9curis\u00e9e, et nous ne pouvons garantir une s\u00e9curit\u00e9 absolue. Modifications de la Politique Nous nous r\u00e9servons le droit de modifier cette politique de confidentialit\u00e9 \u00e0 tout moment. Les utilisateurs seront inform\u00e9s de tout changement substantiel par le biais d&rsquo;une notification sur notre site. Contact Pour toute question concernant notre politique de confidentialit\u00e9 ou le suivi de vos donn\u00e9es, n&rsquo;h\u00e9sitez pas \u00e0 nous contacter.","og_url":"https:\/\/alv-renovation.fr\/?page_id=1521","og_site_name":"ALV r\u00e9novation","article_publisher":"https:\/\/www.facebook.com\/alv.virazelsanthony?locale=fr_FR","article_modified_time":"2024-11-25T14:10:34+00:00","og_image":[{"width":254,"height":431,"url":"https:\/\/alv-renovation.fr\/wp-content\/uploads\/2024\/10\/Clipped_image_20240929_164448.png","type":"image\/png"}],"twitter_card":"summary_large_image","twitter_misc":{"Dur\u00e9e de lecture estim\u00e9e":"2 minutes"},"schema":{"@context":"https:\/\/schema.org","@graph":[{"@type":"WebPage","@id":"https:\/\/alv-renovation.fr\/?page_id=1521","url":"https:\/\/alv-renovation.fr\/?page_id=1521","name":"CONFIDENTIALITE - ALV r\u00e9novation","isPartOf":{"@id":"https:\/\/alv-renovation.fr\/#website"},"datePublished":"2024-10-13T14:42:02+00:00","dateModified":"2024-11-25T14:10:34+00:00","breadcrumb":{"@id":"https:\/\/alv-renovation.fr\/?page_id=1521#breadcrumb"},"inLanguage":"fr-FR","potentialAction":[{"@type":"ReadAction","target":["https:\/\/alv-renovation.fr\/?page_id=1521"]}]},{"@type":"BreadcrumbList","@id":"https:\/\/alv-renovation.fr\/?page_id=1521#breadcrumb","itemListElement":[{"@type":"ListItem","position":1,"name":"Accueil","item":"https:\/\/alv-renovation.fr\/"},{"@type":"ListItem","position":2,"name":"CONFIDENTIALITE"}]},{"@type":"WebSite","@id":"https:\/\/alv-renovation.fr\/#website","url":"https:\/\/alv-renovation.fr\/","name":"ALV r\u00e9novation","description":"R\u00e9inventons vos espaces, r\u00e9novons vos envies","publisher":{"@id":"https:\/\/alv-renovation.fr\/#organization"},"alternateName":"ALV","potentialAction":[{"@type":"SearchAction","target":{"@type":"EntryPoint","urlTemplate":"https:\/\/alv-renovation.fr\/?s={search_term_string}"},"query-input":{"@type":"PropertyValueSpecification","valueRequired":true,"valueName":"search_term_string"}}],"inLanguage":"fr-FR"},{"@type":"Organization","@id":"https:\/\/alv-renovation.fr\/#organization","name":"ALV r\u00e9novation","alternateName":"alv","url":"https:\/\/alv-renovation.fr\/","logo":{"@type":"ImageObject","inLanguage":"fr-FR","@id":"https:\/\/alv-renovation.fr\/#\/schema\/logo\/image\/","url":"https:\/\/alv-renovation.fr\/wp-content\/uploads\/2024\/09\/cropped-Clipped_image_20240929_164448.png","contentUrl":"https:\/\/alv-renovation.fr\/wp-content\/uploads\/2024\/09\/cropped-Clipped_image_20240929_164448.png","width":254,"height":431,"caption":"ALV r\u00e9novation"},"image":{"@id":"https:\/\/alv-renovation.fr\/#\/schema\/logo\/image\/"},"sameAs":["https:\/\/www.facebook.com\/alv.virazelsanthony?locale=fr_FR","https:\/\/www.instagram.com\/societealv\/"]}]}},"_links":{"self":[{"href":"https:\/\/alv-renovation.fr\/index.php?rest_route=\/wp\/v2\/pages\/1521","targetHints":{"allow":["GET"]}}],"collection":[{"href":"https:\/\/alv-renovation.fr\/index.php?rest_route=\/wp\/v2\/pages"}],"about":[{"href":"https:\/\/alv-renovation.fr\/index.php?rest_route=\/wp\/v2\/types\/page"}],"author":[{"embeddable":true,"href":"https:\/\/alv-renovation.fr\/index.php?rest_route=\/wp\/v2\/users\/1"}],"replies":[{"embeddable":true,"href":"https:\/\/alv-renovation.fr\/index.php?rest_route=%2Fwp%2Fv2%2Fcomments&post=1521"}],"version-history":[{"count":14,"href":"https:\/\/alv-renovation.fr\/index.php?rest_route=\/wp\/v2\/pages\/1521\/revisions"}],"predecessor-version":[{"id":1554,"href":"https:\/\/alv-renovation.fr\/index.php?rest_route=\/wp\/v2\/pages\/1521\/revisions\/1554"}],"wp:attachment":[{"href":"https:\/\/alv-renovation.fr\/index.php?rest_route=%2Fwp%2Fv2%2Fmedia&parent=1521"}],"curies":[{"name":"wp","href":"https:\/\/api.w.org\/{rel}","templated":true}]}}